{"id":443,"date":"2019-08-23T19:51:15","date_gmt":"2019-08-23T22:51:15","guid":{"rendered":"https:\/\/educadoraonline.com.br\/wp\/?page_id=443"},"modified":"2023-06-01T17:52:45","modified_gmt":"2023-06-01T17:52:45","slug":"nossahistoria","status":"publish","type":"page","link":"https:\/\/www.educadoraonline.com.br\/site\/nossahistoria\/","title":{"rendered":"INSTITUCIONAL"},"content":{"rendered":"\t\t<div data-elementor-type=\"wp-page\" data-elementor-id=\"443\" class=\"elementor elementor-443\" data-elementor-post-type=\"page\">\n\t\t\t\t\t\t<section class=\"elementor-section elementor-top-section elementor-element elementor-element-3d49352 elementor-section-height-min-height elementor-section-boxed elementor-section-height-default elementor-section-items-middle\" data-id=\"3d49352\" data-element_type=\"section\" data-e-type=\"section\">\n\t\t\t\t\t\t<div class=\"elementor-container elementor-column-gap-default\">\n\t\t\t\t\t<div class=\"elementor-column elementor-col-50 elementor-top-column elementor-element elementor-element-b4a7be6 elementor-invisible\" data-id=\"b4a7be6\" data-element_type=\"column\" data-e-type=\"column\" data-settings=\"{&quot;animation&quot;:&quot;fadeIn&quot;}\">\n\t\t\t<div class=\"elementor-widget-wrap elementor-element-populated\">\n\t\t\t\t\t\t<div class=\"elementor-element elementor-element-29241de2 elementor-widget elementor-widget-text-editor\" data-id=\"29241de2\" data-element_type=\"widget\" data-e-type=\"widget\" data-widget_type=\"text-editor.default\">\n\t\t\t\t<div class=\"elementor-widget-container\">\n\t\t\t\t\t\t\t\t\tFundada em 02 de agosto de 1978, a R\u00e1dio Educadora M\u00fasica e Cultura limitada, em um momento hist\u00f3rico marcado pelo in\u00edcio de uma nova tecnologia em radiodifus\u00e3o, a frequ\u00eancia modulada (FM).Carlos Henrique C\u00e2ndido Alves, seu fundador, vision\u00e1rio e amante das telecomunica\u00e7\u00f5es, com ousadia investiu em instala\u00e7\u00f5es e equipamentos profissionais de \u00faltima gera\u00e7\u00e3o, coloca no ar a primeira emissora do interior paulista.\t\t\t\t\t\t\t\t<\/div>\n\t\t\t\t<\/div>\n\t\t\t\t\t<\/div>\n\t\t<\/div>\n\t\t\t\t<div class=\"elementor-column elementor-col-50 elementor-top-column elementor-element elementor-element-6740b15\" data-id=\"6740b15\" data-element_type=\"column\" data-e-type=\"column\">\n\t\t\t<div class=\"elementor-widget-wrap elementor-element-populated\">\n\t\t\t\t\t\t<div class=\"elementor-element elementor-element-0dfae52 elementor-invisible elementor-widget elementor-widget-image\" data-id=\"0dfae52\" data-element_type=\"widget\" data-e-type=\"widget\" data-settings=\"{&quot;_animation&quot;:&quot;fadeIn&quot;}\" data-widget_type=\"image.default\">\n\t\t\t\t<div class=\"elementor-widget-container\">\n\t\t\t\t\t\t\t\t\t\t\t\t\t\t\t<img fetchpriority=\"high\" decoding=\"async\" width=\"500\" height=\"500\" src=\"https:\/\/www.educadoraonline.com.br\/site\/wp-content\/uploads\/2023\/03\/logo-mobile.png\" class=\"attachment-full size-full wp-image-29145\" alt=\"\" srcset=\"https:\/\/www.educadoraonline.com.br\/site\/wp-content\/uploads\/2023\/03\/logo-mobile.png 500w, https:\/\/www.educadoraonline.com.br\/site\/wp-content\/uploads\/2023\/03\/logo-mobile-333x333.png 333w, https:\/\/www.educadoraonline.com.br\/site\/wp-content\/uploads\/2023\/03\/logo-mobile-462x462.png 462w, https:\/\/www.educadoraonline.com.br\/site\/wp-content\/uploads\/2023\/03\/logo-mobile-100x100.png 100w\" sizes=\"(max-width: 500px) 100vw, 500px\" \/>\t\t\t\t\t\t\t\t\t\t\t\t\t\t\t<\/div>\n\t\t\t\t<\/div>\n\t\t\t\t\t<\/div>\n\t\t<\/div>\n\t\t\t\t\t<\/div>\n\t\t<\/section>\n\t\t\t\t<section class=\"elementor-section elementor-top-section elementor-element elementor-element-357e577 elementor-section-height-min-height elementor-section-boxed elementor-section-height-default elementor-section-items-middle\" data-id=\"357e577\" data-element_type=\"section\" data-e-type=\"section\">\n\t\t\t\t\t\t<div class=\"elementor-container elementor-column-gap-default\">\n\t\t\t\t\t<div class=\"elementor-column elementor-col-50 elementor-top-column elementor-element elementor-element-0ae6f9e elementor-invisible\" data-id=\"0ae6f9e\" data-element_type=\"column\" data-e-type=\"column\" data-settings=\"{&quot;animation&quot;:&quot;fadeIn&quot;}\">\n\t\t\t<div class=\"elementor-widget-wrap\">\n\t\t\t\t\t\t\t<\/div>\n\t\t<\/div>\n\t\t\t\t<div class=\"elementor-column elementor-col-50 elementor-top-column elementor-element elementor-element-a2987a5 elementor-invisible\" data-id=\"a2987a5\" data-element_type=\"column\" data-e-type=\"column\" data-settings=\"{&quot;animation&quot;:&quot;fadeIn&quot;}\">\n\t\t\t<div class=\"elementor-widget-wrap elementor-element-populated\">\n\t\t\t\t\t\t<div class=\"elementor-element elementor-element-842e537 elementor-widget elementor-widget-text-editor\" data-id=\"842e537\" data-element_type=\"widget\" data-e-type=\"widget\" data-widget_type=\"text-editor.default\">\n\t\t\t\t<div class=\"elementor-widget-container\">\n\t\t\t\t\t\t\t\t\tSeus est\u00fadios localizados na cidade de Batatais, a 900 metros de altitude e com uma torre com 90 metros de altura garantiram a transmiss\u00e3o para aproximadamente 200 cidades, a maior cobertura geogr\u00e1fica, concentrando um p\u00fablico que hoje supera 3.200.000 habitantes, nos estados de S\u00e3o Paulo, Minas Gerais e Goi\u00e1s.As gl\u00f3rias de tempos passados continuam em todas as a\u00e7\u00f5es do presente. Com equipe din\u00e2mica e profissional, conhecedora da prefer\u00eancia do p\u00fablico e do mercado comercial, o sucesso est\u00e1 garantido a todos.A interatividade com seus ouvintes \u00e9 um dos pontos marcantes e que imortaliza seu bord\u00e3o: &#8220;EDUCADORA FM, PEGA BEM&#8221;\t\t\t\t\t\t\t\t<\/div>\n\t\t\t\t<\/div>\n\t\t\t\t\t<\/div>\n\t\t<\/div>\n\t\t\t\t\t<\/div>\n\t\t<\/section>\n\t\t\t\t<section class=\"elementor-section elementor-top-section elementor-element elementor-element-fa3f1f5 elementor-section-boxed elementor-section-height-default elementor-section-height-default\" data-id=\"fa3f1f5\" data-element_type=\"section\" data-e-type=\"section\">\n\t\t\t\t\t\t<div class=\"elementor-container elementor-column-gap-default\">\n\t\t\t\t\t<div class=\"elementor-column elementor-col-100 elementor-top-column elementor-element elementor-element-9a35952\" data-id=\"9a35952\" data-element_type=\"column\" data-e-type=\"column\">\n\t\t\t<div class=\"elementor-widget-wrap\">\n\t\t\t\t\t\t\t<\/div>\n\t\t<\/div>\n\t\t\t\t\t<\/div>\n\t\t<\/section>\n\t\t\t\t<\/div>\n\t\t","protected":false},"excerpt":{"rendered":"<p>Fundada em 02 de agosto de 1978, a R\u00e1dio Educadora M\u00fasica e Cultura limitada, em um momento hist\u00f3rico marcado pelo in\u00edcio de uma nova tecnologia em radiodifus\u00e3o, a frequ\u00eancia modulada (FM).Carlos Henrique C\u00e2ndido Alves, seu fundador, vision\u00e1rio e amante das telecomunica\u00e7\u00f5es, com ousadia investiu em instala\u00e7\u00f5es e equipamentos profissionais de \u00faltima gera\u00e7\u00e3o, coloca no ar &hellip; <a href=\"https:\/\/www.educadoraonline.com.br\/site\/nossahistoria\/\" class=\"more-link\">Continue reading <span class=\"screen-reader-text\">INSTITUCIONAL<\/span><\/a><\/p>\n","protected":false},"author":1,"featured_media":0,"parent":0,"menu_order":0,"comment_status":"closed","ping_status":"closed","template":"elementor_header_footer","meta":{"footnotes":""},"class_list":["post-443","page","type-page","status-publish","hentry"],"_links":{"self":[{"href":"https:\/\/www.educadoraonline.com.br\/site\/wp-json\/wp\/v2\/pages\/443","targetHints":{"allow":["GET"]}}],"collection":[{"href":"https:\/\/www.educadoraonline.com.br\/site\/wp-json\/wp\/v2\/pages"}],"about":[{"href":"https:\/\/www.educadoraonline.com.br\/site\/wp-json\/wp\/v2\/types\/page"}],"author":[{"embeddable":true,"href":"https:\/\/www.educadoraonline.com.br\/site\/wp-json\/wp\/v2\/users\/1"}],"replies":[{"embeddable":true,"href":"https:\/\/www.educadoraonline.com.br\/site\/wp-json\/wp\/v2\/comments?post=443"}],"version-history":[{"count":40,"href":"https:\/\/www.educadoraonline.com.br\/site\/wp-json\/wp\/v2\/pages\/443\/revisions"}],"predecessor-version":[{"id":29473,"href":"https:\/\/www.educadoraonline.com.br\/site\/wp-json\/wp\/v2\/pages\/443\/revisions\/29473"}],"wp:attachment":[{"href":"https:\/\/www.educadoraonline.com.br\/site\/wp-json\/wp\/v2\/media?parent=443"}],"curies":[{"name":"wp","href":"https:\/\/api.w.org\/{rel}","templated":true}]}}