{"id":1055,"date":"2019-09-17T23:32:08","date_gmt":"2019-09-18T02:32:08","guid":{"rendered":"https:\/\/educadoraonline.com.br\/wp\/?page_id=1055"},"modified":"2023-06-12T19:52:32","modified_gmt":"2023-06-12T19:52:32","slug":"programas-tv","status":"publish","type":"page","link":"https:\/\/www.educadoraonline.com.br\/site\/programas-tv\/","title":{"rendered":"PROGRAMAS TV"},"content":{"rendered":"\t\t<div data-elementor-type=\"wp-page\" data-elementor-id=\"1055\" class=\"elementor elementor-1055\" data-elementor-post-type=\"page\">\n\t\t\t\t\t\t<section class=\"elementor-section elementor-top-section elementor-element elementor-element-0b0e89a elementor-section-boxed elementor-section-height-default elementor-section-height-default\" data-id=\"0b0e89a\" data-element_type=\"section\" data-e-type=\"section\">\n\t\t\t\t\t\t<div class=\"elementor-container elementor-column-gap-default\">\n\t\t\t\t\t<div class=\"elementor-column elementor-col-100 elementor-top-column elementor-element elementor-element-730ebee\" data-id=\"730ebee\" data-element_type=\"column\" data-e-type=\"column\">\n\t\t\t<div class=\"elementor-widget-wrap elementor-element-populated\">\n\t\t\t\t\t\t<div class=\"elementor-element elementor-element-5b59fbb elementor-widget elementor-widget-spacer\" data-id=\"5b59fbb\" data-element_type=\"widget\" data-e-type=\"widget\" data-widget_type=\"spacer.default\">\n\t\t\t\t<div class=\"elementor-widget-container\">\n\t\t\t\t\t\t\t<div class=\"elementor-spacer\">\n\t\t\t<div class=\"elementor-spacer-inner\"><\/div>\n\t\t<\/div>\n\t\t\t\t\t\t<\/div>\n\t\t\t\t<\/div>\n\t\t\t\t\t<\/div>\n\t\t<\/div>\n\t\t\t\t\t<\/div>\n\t\t<\/section>\n\t\t\t\t<section class=\"elementor-section elementor-top-section elementor-element elementor-element-bedbea3 elementor-section-boxed elementor-section-height-default elementor-section-height-default\" data-id=\"bedbea3\" data-element_type=\"section\" data-e-type=\"section\">\n\t\t\t\t\t\t<div class=\"elementor-container elementor-column-gap-default\">\n\t\t\t\t\t<div class=\"elementor-column elementor-col-50 elementor-top-column elementor-element elementor-element-73235b8\" data-id=\"73235b8\" data-element_type=\"column\" data-e-type=\"column\">\n\t\t\t<div class=\"elementor-widget-wrap elementor-element-populated\">\n\t\t\t\t\t\t<div class=\"elementor-element elementor-element-684596e elementor-widget elementor-widget-image\" data-id=\"684596e\" data-element_type=\"widget\" data-e-type=\"widget\" data-widget_type=\"image.default\">\n\t\t\t\t<div class=\"elementor-widget-container\">\n\t\t\t\t\t\t\t\t\t\t\t\t\t\t\t<img fetchpriority=\"high\" decoding=\"async\" width=\"660\" height=\"371\" src=\"https:\/\/www.educadoraonline.com.br\/site\/wp-content\/uploads\/2023\/06\/fique-sabendo-770x433.jpg\" class=\"attachment-large size-large wp-image-29279\" alt=\"\" srcset=\"https:\/\/www.educadoraonline.com.br\/site\/wp-content\/uploads\/2023\/06\/fique-sabendo-770x433.jpg 770w, https:\/\/www.educadoraonline.com.br\/site\/wp-content\/uploads\/2023\/06\/fique-sabendo-555x312.jpg 555w, https:\/\/www.educadoraonline.com.br\/site\/wp-content\/uploads\/2023\/06\/fique-sabendo-768x432.jpg 768w, https:\/\/www.educadoraonline.com.br\/site\/wp-content\/uploads\/2023\/06\/fique-sabendo-1536x864.jpg 1536w, https:\/\/www.educadoraonline.com.br\/site\/wp-content\/uploads\/2023\/06\/fique-sabendo.jpg 1600w\" sizes=\"(max-width: 660px) 100vw, 660px\" \/>\t\t\t\t\t\t\t\t\t\t\t\t\t\t\t<\/div>\n\t\t\t\t<\/div>\n\t\t\t\t<div class=\"elementor-element elementor-element-1bda830 elementor-widget elementor-widget-text-editor\" data-id=\"1bda830\" data-element_type=\"widget\" data-e-type=\"widget\" data-widget_type=\"text-editor.default\">\n\t\t\t\t<div class=\"elementor-widget-container\">\n\t\t\t\t\t\t\t\t\t<p>Fatos policiais da regi\u00e3o e de Batatais, complementados com mat\u00e9rias no local dos fatos.Segunda a S\u00e1bado \u00e0s 11h30<\/p>\t\t\t\t\t\t\t\t<\/div>\n\t\t\t\t<\/div>\n\t\t\t\t\t<\/div>\n\t\t<\/div>\n\t\t\t\t<div class=\"elementor-column elementor-col-50 elementor-top-column elementor-element elementor-element-3e06bff\" data-id=\"3e06bff\" data-element_type=\"column\" data-e-type=\"column\">\n\t\t\t<div class=\"elementor-widget-wrap elementor-element-populated\">\n\t\t\t\t\t\t<div class=\"elementor-element elementor-element-80c33e6 elementor-widget elementor-widget-image\" data-id=\"80c33e6\" data-element_type=\"widget\" data-e-type=\"widget\" data-widget_type=\"image.default\">\n\t\t\t\t<div class=\"elementor-widget-container\">\n\t\t\t\t\t\t\t\t\t\t\t\t\t\t\t<img decoding=\"async\" width=\"660\" height=\"371\" src=\"https:\/\/www.educadoraonline.com.br\/site\/wp-content\/uploads\/2023\/06\/educadora-entrevista-770x433.jpg\" class=\"attachment-large size-large wp-image-29278\" alt=\"\" srcset=\"https:\/\/www.educadoraonline.com.br\/site\/wp-content\/uploads\/2023\/06\/educadora-entrevista-770x433.jpg 770w, https:\/\/www.educadoraonline.com.br\/site\/wp-content\/uploads\/2023\/06\/educadora-entrevista-555x312.jpg 555w, https:\/\/www.educadoraonline.com.br\/site\/wp-content\/uploads\/2023\/06\/educadora-entrevista-768x432.jpg 768w, https:\/\/www.educadoraonline.com.br\/site\/wp-content\/uploads\/2023\/06\/educadora-entrevista-1536x864.jpg 1536w, https:\/\/www.educadoraonline.com.br\/site\/wp-content\/uploads\/2023\/06\/educadora-entrevista.jpg 1600w\" sizes=\"(max-width: 660px) 100vw, 660px\" \/>\t\t\t\t\t\t\t\t\t\t\t\t\t\t\t<\/div>\n\t\t\t\t<\/div>\n\t\t\t\t<div class=\"elementor-element elementor-element-72112f9 elementor-widget elementor-widget-text-editor\" data-id=\"72112f9\" data-element_type=\"widget\" data-e-type=\"widget\" data-widget_type=\"text-editor.default\">\n\t\t\t\t<div class=\"elementor-widget-container\">\n\t\t\t\t\t\t\t\t\t<p>Entretenimento, m\u00fasica, pol\u00edtica, sa\u00fade, direito e comportamento s\u00e3o alguns dos assuntos discutidos, sempre com a presen\u00e7a de profissionais gabaritados, de forma descontra\u00edda com participa\u00e7\u00e3o do p\u00fablico por meio das plataformas digitais e telefone. De segunda a sexta as 12h30<\/p>\t\t\t\t\t\t\t\t<\/div>\n\t\t\t\t<\/div>\n\t\t\t\t\t<\/div>\n\t\t<\/div>\n\t\t\t\t\t<\/div>\n\t\t<\/section>\n\t\t\t\t<section class=\"elementor-section elementor-top-section elementor-element elementor-element-c036392 elementor-section-boxed elementor-section-height-default elementor-section-height-default\" data-id=\"c036392\" data-element_type=\"section\" data-e-type=\"section\">\n\t\t\t\t\t\t<div class=\"elementor-container elementor-column-gap-default\">\n\t\t\t\t\t<div class=\"elementor-column elementor-col-50 elementor-top-column elementor-element elementor-element-0a00558\" data-id=\"0a00558\" data-element_type=\"column\" data-e-type=\"column\">\n\t\t\t<div class=\"elementor-widget-wrap elementor-element-populated\">\n\t\t\t\t\t\t<div class=\"elementor-element elementor-element-7568277 elementor-widget elementor-widget-image\" data-id=\"7568277\" data-element_type=\"widget\" data-e-type=\"widget\" data-widget_type=\"image.default\">\n\t\t\t\t<div class=\"elementor-widget-container\">\n\t\t\t\t\t\t\t\t\t\t\t\t\t\t\t<img decoding=\"async\" width=\"660\" height=\"371\" src=\"https:\/\/www.educadoraonline.com.br\/site\/wp-content\/uploads\/2023\/06\/cenario-politico-770x433.jpg\" class=\"attachment-large size-large wp-image-29276\" alt=\"\" srcset=\"https:\/\/www.educadoraonline.com.br\/site\/wp-content\/uploads\/2023\/06\/cenario-politico-770x433.jpg 770w, https:\/\/www.educadoraonline.com.br\/site\/wp-content\/uploads\/2023\/06\/cenario-politico-555x312.jpg 555w, https:\/\/www.educadoraonline.com.br\/site\/wp-content\/uploads\/2023\/06\/cenario-politico-768x432.jpg 768w, https:\/\/www.educadoraonline.com.br\/site\/wp-content\/uploads\/2023\/06\/cenario-politico-1536x864.jpg 1536w, https:\/\/www.educadoraonline.com.br\/site\/wp-content\/uploads\/2023\/06\/cenario-politico.jpg 1600w\" sizes=\"(max-width: 660px) 100vw, 660px\" \/>\t\t\t\t\t\t\t\t\t\t\t\t\t\t\t<\/div>\n\t\t\t\t<\/div>\n\t\t\t\t<div class=\"elementor-element elementor-element-b0f5d59 elementor-widget elementor-widget-text-editor\" data-id=\"b0f5d59\" data-element_type=\"widget\" data-e-type=\"widget\" data-widget_type=\"text-editor.default\">\n\t\t\t\t<div class=\"elementor-widget-container\">\n\t\t\t\t\t\t\t\t\t<p>Entretenimento, m\u00fasica, pol\u00edtica, sa\u00fade, direito e comportamento s\u00e3o alguns dos assuntos discutidos, sempre com a presen\u00e7a de profissionais gabaritados, de forma descontra\u00edda com participa\u00e7\u00e3o do p\u00fablico por meio das plataformas digitais e telefone. Aos s\u00e1bados\u00a0\u00e0s 12h<\/p>\t\t\t\t\t\t\t\t<\/div>\n\t\t\t\t<\/div>\n\t\t\t\t\t<\/div>\n\t\t<\/div>\n\t\t\t\t<div class=\"elementor-column elementor-col-50 elementor-top-column elementor-element elementor-element-c4c6829\" data-id=\"c4c6829\" data-element_type=\"column\" data-e-type=\"column\">\n\t\t\t<div class=\"elementor-widget-wrap elementor-element-populated\">\n\t\t\t\t\t\t<div class=\"elementor-element elementor-element-551b131 elementor-widget elementor-widget-image\" data-id=\"551b131\" data-element_type=\"widget\" data-e-type=\"widget\" data-widget_type=\"image.default\">\n\t\t\t\t<div class=\"elementor-widget-container\">\n\t\t\t\t\t\t\t\t\t\t\t\t\t\t\t<img loading=\"lazy\" decoding=\"async\" width=\"660\" height=\"371\" src=\"https:\/\/www.educadoraonline.com.br\/site\/wp-content\/uploads\/2023\/06\/WhatsApp-Image-2023-06-12-at-15.34.18-770x433.jpeg\" class=\"attachment-large size-large wp-image-29532\" alt=\"\" srcset=\"https:\/\/www.educadoraonline.com.br\/site\/wp-content\/uploads\/2023\/06\/WhatsApp-Image-2023-06-12-at-15.34.18-770x433.jpeg 770w, https:\/\/www.educadoraonline.com.br\/site\/wp-content\/uploads\/2023\/06\/WhatsApp-Image-2023-06-12-at-15.34.18-555x312.jpeg 555w, https:\/\/www.educadoraonline.com.br\/site\/wp-content\/uploads\/2023\/06\/WhatsApp-Image-2023-06-12-at-15.34.18-768x432.jpeg 768w, https:\/\/www.educadoraonline.com.br\/site\/wp-content\/uploads\/2023\/06\/WhatsApp-Image-2023-06-12-at-15.34.18-1536x864.jpeg 1536w, https:\/\/www.educadoraonline.com.br\/site\/wp-content\/uploads\/2023\/06\/WhatsApp-Image-2023-06-12-at-15.34.18.jpeg 1600w\" sizes=\"(max-width: 660px) 100vw, 660px\" \/>\t\t\t\t\t\t\t\t\t\t\t\t\t\t\t<\/div>\n\t\t\t\t<\/div>\n\t\t\t\t<div class=\"elementor-element elementor-element-04e2a26 elementor-widget elementor-widget-text-editor\" data-id=\"04e2a26\" data-element_type=\"widget\" data-e-type=\"widget\" data-widget_type=\"text-editor.default\">\n\t\t\t\t<div class=\"elementor-widget-container\">\n\t\t\t\t\t\t\t\t\t<p>Jornal dedicado principalmente aos acontecimentos da cidade, sejam eles sociais, comportamentais, pol\u00edticos, etc. Um Espa\u00e7o dedicado a reivindica\u00e7\u00f5es populares. De segunda a sexta \u00e0s 12h<\/p>\t\t\t\t\t\t\t\t<\/div>\n\t\t\t\t<\/div>\n\t\t\t\t\t<\/div>\n\t\t<\/div>\n\t\t\t\t\t<\/div>\n\t\t<\/section>\n\t\t\t\t<section class=\"elementor-section elementor-top-section elementor-element elementor-element-4dfff92 elementor-section-boxed elementor-section-height-default elementor-section-height-default\" data-id=\"4dfff92\" data-element_type=\"section\" data-e-type=\"section\">\n\t\t\t\t\t\t<div class=\"elementor-container elementor-column-gap-default\">\n\t\t\t\t\t<div class=\"elementor-column elementor-col-100 elementor-top-column elementor-element elementor-element-7d7be2a\" data-id=\"7d7be2a\" data-element_type=\"column\" data-e-type=\"column\">\n\t\t\t<div class=\"elementor-widget-wrap elementor-element-populated\">\n\t\t\t\t\t\t<div class=\"elementor-element elementor-element-a22fa9e elementor-widget elementor-widget-spacer\" data-id=\"a22fa9e\" data-element_type=\"widget\" data-e-type=\"widget\" data-widget_type=\"spacer.default\">\n\t\t\t\t<div class=\"elementor-widget-container\">\n\t\t\t\t\t\t\t<div class=\"elementor-spacer\">\n\t\t\t<div class=\"elementor-spacer-inner\"><\/div>\n\t\t<\/div>\n\t\t\t\t\t\t<\/div>\n\t\t\t\t<\/div>\n\t\t\t\t\t<\/div>\n\t\t<\/div>\n\t\t\t\t\t<\/div>\n\t\t<\/section>\n\t\t\t\t<\/div>\n\t\t","protected":false},"excerpt":{"rendered":"<p>CANAL 45.1 Fatos policiais da regi\u00e3o e de Batatais, complementados com mat\u00e9rias no local dos fatos.Segunda a S\u00e1bado \u00e0s 11h30 Entretenimento, m\u00fasica, pol\u00edtica, sa\u00fade, direito e comportamento s\u00e3o alguns dos assuntos discutidos, sempre com a presen\u00e7a de profissionais gabaritados, de forma descontra\u00edda com participa\u00e7\u00e3o do p\u00fablico por meio das plataformas digitais e telefone. De segunda &hellip; <a href=\"https:\/\/www.educadoraonline.com.br\/site\/programas-tv\/\" class=\"more-link\">Continue reading <span class=\"screen-reader-text\">PROGRAMAS TV<\/span><\/a><\/p>\n","protected":false},"author":1,"featured_media":0,"parent":0,"menu_order":0,"comment_status":"closed","ping_status":"closed","template":"elementor_header_footer","meta":{"footnotes":""},"class_list":["post-1055","page","type-page","status-publish","hentry"],"_links":{"self":[{"href":"https:\/\/www.educadoraonline.com.br\/site\/wp-json\/wp\/v2\/pages\/1055","targetHints":{"allow":["GET"]}}],"collection":[{"href":"https:\/\/www.educadoraonline.com.br\/site\/wp-json\/wp\/v2\/pages"}],"about":[{"href":"https:\/\/www.educadoraonline.com.br\/site\/wp-json\/wp\/v2\/types\/page"}],"author":[{"embeddable":true,"href":"https:\/\/www.educadoraonline.com.br\/site\/wp-json\/wp\/v2\/users\/1"}],"replies":[{"embeddable":true,"href":"https:\/\/www.educadoraonline.com.br\/site\/wp-json\/wp\/v2\/comments?post=1055"}],"version-history":[{"count":16,"href":"https:\/\/www.educadoraonline.com.br\/site\/wp-json\/wp\/v2\/pages\/1055\/revisions"}],"predecessor-version":[{"id":29538,"href":"https:\/\/www.educadoraonline.com.br\/site\/wp-json\/wp\/v2\/pages\/1055\/revisions\/29538"}],"wp:attachment":[{"href":"https:\/\/www.educadoraonline.com.br\/site\/wp-json\/wp\/v2\/media?parent=1055"}],"curies":[{"name":"wp","href":"https:\/\/api.w.org\/{rel}","templated":true}]}}